{"id":8065,"date":"2025-04-30T06:25:35","date_gmt":"2025-04-30T06:25:35","guid":{"rendered":"https:\/\/floodlightglobal.com\/?page_id=8065"},"modified":"2025-10-01T16:46:00","modified_gmt":"2025-10-01T16:46:00","slug":"impressum","status":"publish","type":"page","link":"https:\/\/floodlightglobal.com\/de\/impressum\/","title":{"rendered":"Impressum"},"content":{"rendered":"<div id=\"fws_69f2370b6023f\"  data-column-margin=\"default\" data-midnight=\"light\"  class=\"wpb_row vc_row-fluid vc_row full-width-section\"  style=\"padding-top: 0px; padding-bottom: 0px; \"><div class=\"row-bg-wrap\" data-bg-animation=\"none\" data-bg-animation-delay=\"\" data-bg-overlay=\"true\"><div class=\"inner-wrap row-bg-layer using-image\" ><div class=\"row-bg viewport-desktop using-image using-bg-color\"  style=\"background-image: url(https:\/\/floodlightglobal.com\/wp-content\/uploads\/2022\/11\/bg1.jpg); background-position: center bottom; background-repeat: no-repeat; background-color: #333333; \"><\/div><\/div><div class=\"row-bg-overlay row-bg-layer\" style=\"background: rgba(255,255,255,0.71); background: linear-gradient(90deg,rgba(255,255,255,0.71) 0%,rgba(198,198,198,0.75) 100%);  opacity: 0.3; \"><\/div><\/div><div class=\"row_col_wrap_12 col span_12 light left\">\n\t<div style=\"margin-bottom: 100px; \" class=\"vc_col-sm-12 wpb_column column_container vc_column_container col centered-text no-extra-padding inherit_tablet inherit_phone\"  data-padding-pos=\"all\" data-has-bg-color=\"false\" data-bg-color=\"\" data-bg-opacity=\"1\" data-animation=\"\" data-delay=\"0\" >\n\t\t<div class=\"vc_column-inner\" >\n\t\t\t<div class=\"wpb_wrapper\">\n\t\t\t\t\n\t\t\t<\/div> \n\t\t<\/div>\n\t<\/div> \n<\/div><\/div>\n\t\t<div id=\"fws_69f2370b60b3b\"  data-column-margin=\"default\" data-midnight=\"light\" data-top-percent=\"5%\" data-bottom-percent=\"5%\"  class=\"wpb_row vc_row-fluid vc_row full-width-section\"  style=\"padding-top: calc(100vw * 0.05); padding-bottom: calc(100vw * 0.05); \"><div class=\"row-bg-wrap\" data-bg-animation=\"zoom-out-slow\" data-bg-animation-delay=\"\" data-bg-overlay=\"true\"><div class=\"inner-wrap row-bg-layer using-image\" ><div class=\"row-bg viewport-desktop using-image\"  style=\"background-image: url(https:\/\/floodlightglobal.com\/wp-content\/uploads\/2019\/09\/sandevil-sandh-7F3Fc_0yz_Y-unsplash-1.jpg); background-position: center center; background-repeat: no-repeat; \"><\/div><\/div><div class=\"row-bg-overlay row-bg-layer\" style=\"background-color:#0a0a0a;  opacity: 0.5; \"><\/div><\/div><div class=\"row_col_wrap_12 col span_12 light left\">\n\t<div  class=\"vc_col-sm-12 wpb_column column_container vc_column_container col has-animation no-extra-padding inherit_tablet inherit_phone\"  data-padding-pos=\"all\" data-has-bg-color=\"false\" data-bg-color=\"\" data-bg-opacity=\"1\" data-animation=\"fade-in-from-bottom\" data-delay=\"0\" >\n\t\t<div class=\"vc_column-inner\" >\n\t\t\t<div class=\"wpb_wrapper\">\n\t\t\t\t\n<div class=\"wpb_text_column wpb_content_element\" >\n\t<div class=\"wpb_wrapper\">\n\t\t<h1>Impressum<\/h1>\n<p><strong>Floodlight Software, GmbH<\/strong><br \/>\n<a class=\"c-link\" href=\"https:\/\/www.google.com\/maps\/place\/\/data=!4m2!3m1!1s0x476d07a199f00001:0xdffb4156b2a54e46?sa=X&amp;ved=1t:8290&amp;ictx=111\" target=\"_blank\" rel=\"noopener noreferrer\" data-stringify-link=\"https:\/\/www.google.com\/maps\/place\/\/data=!4m2!3m1!1s0x476d07a199f00001:0xdffb4156b2a54e46?sa=X&amp;ved=1t:8290&amp;ictx=111\" data-sk=\"tooltip_parent\">Seitenstettengasse 5\/37, 1010 Wien, \u00d6sterreich<\/a><\/p>\n<p>E-Mail: <a href=\"mailto:su*****@fl**************.com\" data-original-string=\"BeJWV1aL9Y1ytNhSDMeLAYVLQ3WC1+V8FHHq7YES1Hg=\" title=\"Dieser Kontakt wurde von Anti-Spam by CleanTalk verschl\u00fcsselt. Klicken Sie hier, um ihn zu entschl\u00fcsseln. Um die Entschl\u00fcsselung abzuschlie\u00dfen, stellen Sie sicher, dass JavaScript in Ihrem Browser aktiviert ist.\"><span \n                data-original-string=\"BeJWV1aL9Y1ytNhSDMeLAYVLQ3WC1+V8FHHq7YES1Hg=\"\n                class=\"apbct-email-encoder\"\n                title=\"Dieser Kontakt wurde von Anti-Spam by CleanTalk verschl\u00fcsselt. Klicken Sie hier, um ihn zu entschl\u00fcsseln. Um die Entschl\u00fcsselung abzuschlie\u00dfen, stellen Sie sicher, dass JavaScript in Ihrem Browser aktiviert ist.\"><br \/>\n        <span class=\"apbct-ee-blur-group\"><br \/>\n            <span class=\"apbct-ee-blur_email-text\">su*****@fl**************.com<\/span><br \/>\n            <span class=\"apbct-ee-static-blur\"><br \/>\n                <span class=\"apbct-ee-blur apbct-ee-blur_rectangle-init\"><\/span><br \/>\n                <span class=\"apbct-ee-blur apbct-ee-blur_rectangle-soft\"><\/span><br \/>\n                <span class=\"apbct-ee-blur apbct-ee-blur_rectangle-hard\"><\/span><br \/>\n            <\/span><br \/>\n            <span class=\"apbct-ee-animate-blur\"><br \/>\n                <span class=\"apbct-ee-blur apbct-ee-blur_rectangle-init apbct-ee-blur_animate-init\"><\/span><br \/>\n                <span class=\"apbct-ee-blur apbct-ee-blur_rectangle-soft apbct-ee-blur_animate-soft\"><\/span><br \/>\n                <span class=\"apbct-ee-blur apbct-ee-blur_rectangle-hard apbct-ee-blur_animate-hard\"><\/span><br \/>\n            <\/span><br \/>\n        <\/span><br \/>\n<\/span><\/a><br \/>\nHandelsregisternummer: 621070p<br \/>\nFirmenbuchgericht: Gericht Wien<br \/>\nUmsatzsteuer-Identifikationsnummer (UID): U80501217<br \/>\nMitgliedschaft in gesetzlichen Kammern: <a href=\"https:\/\/firmen.wko.at\/floodlight-software-gmbh\/wien\/?firmaid=d0439941-8265-4160-9e28-acabff0a2d06\">\u00d6sterreichische WKO<\/a><\/p>\n\t<\/div>\n<\/div>\n\n\n\n\n\t\t\t<\/div> \n\t\t<\/div>\n\t<\/div> \n<\/div><\/div>","protected":false},"excerpt":{"rendered":"Impressum Floodlight Software, GmbH Seitenstettengasse 5\/37, 1010 Wien, \u00d6sterreich E-Mail: support@floodlightglobal.com Firmenbuchnummer: 621070p Firmenbuchgericht:  Gericht Wien Umsatzsteueridentifikationsnummer (UID): U80501217 Mitgliedschaft in gesetzlichen Kammern:...","protected":false},"author":8,"featured_media":0,"parent":0,"menu_order":0,"comment_status":"closed","ping_status":"closed","template":"","meta":{"content-type":"","footnotes":""},"class_list":["post-8065","page","type-page","status-publish"],"yoast_head":"<!-- This site is optimized with the Yoast SEO plugin v25.3.1 - https:\/\/yoast.com\/wordpress\/plugins\/seo\/ -->\n<title>Impressum - Floodlight<\/title>\n<meta name=\"robots\" content=\"index, follow, max-snippet:-1, max-image-preview:large, max-video-preview:-1\" \/>\n<link rel=\"canonical\" href=\"https:\/\/floodlightglobal.com\/de\/impressum\/\" \/>\n<meta property=\"og:locale\" content=\"de_DE\" \/>\n<meta property=\"og:type\" content=\"article\" \/>\n<meta property=\"og:title\" content=\"Impressum - Floodlight\" \/>\n<meta property=\"og:url\" content=\"https:\/\/floodlightglobal.com\/de\/impressum\/\" \/>\n<meta property=\"og:site_name\" content=\"Floodlight\" \/>\n<meta property=\"article:modified_time\" content=\"2025-10-01T16:46:00+00:00\" \/>\n<meta name=\"twitter:card\" content=\"summary_large_image\" \/>\n<meta name=\"twitter:label1\" content=\"Gesch\u00e4tzte Lesezeit\" \/>\n\t<meta name=\"twitter:data1\" content=\"2 Minuten\" \/>\n<script type=\"application\/ld+json\" class=\"yoast-schema-graph\">{\"@context\":\"https:\/\/schema.org\",\"@graph\":[{\"@type\":\"WebPage\",\"@id\":\"https:\/\/floodlightglobal.com\/impressum\/\",\"url\":\"https:\/\/floodlightglobal.com\/impressum\/\",\"name\":\"Impressum - Floodlight\",\"isPartOf\":{\"@id\":\"https:\/\/floodlightglobal.com\/#website\"},\"datePublished\":\"2025-04-30T06:25:35+00:00\",\"dateModified\":\"2025-10-01T16:46:00+00:00\",\"breadcrumb\":{\"@id\":\"https:\/\/floodlightglobal.com\/impressum\/#breadcrumb\"},\"inLanguage\":\"de-AT\",\"potentialAction\":[{\"@type\":\"ReadAction\",\"target\":[\"https:\/\/floodlightglobal.com\/impressum\/\"]}]},{\"@type\":\"BreadcrumbList\",\"@id\":\"https:\/\/floodlightglobal.com\/impressum\/#breadcrumb\",\"itemListElement\":[{\"@type\":\"ListItem\",\"position\":1,\"name\":\"Home\",\"item\":\"https:\/\/floodlightglobal.com\/\"},{\"@type\":\"ListItem\",\"position\":2,\"name\":\"Impressum\"}]},{\"@type\":\"WebSite\",\"@id\":\"https:\/\/floodlightglobal.com\/#website\",\"url\":\"https:\/\/floodlightglobal.com\/\",\"name\":\"Floodlight\",\"description\":\"Satellite\u2011Based GHG Measurement &amp; Climate\u2011Risk Analytics\",\"potentialAction\":[{\"@type\":\"SearchAction\",\"target\":{\"@type\":\"EntryPoint\",\"urlTemplate\":\"https:\/\/floodlightglobal.com\/?s={search_term_string}\"},\"query-input\":{\"@type\":\"PropertyValueSpecification\",\"valueRequired\":true,\"valueName\":\"search_term_string\"}}],\"inLanguage\":\"de-AT\"}]}<\/script>\n<!-- \/ Yoast SEO plugin. -->","yoast_head_json":{"title":"Impressum - Floodlight","robots":{"index":"index","follow":"follow","max-snippet":"max-snippet:-1","max-image-preview":"max-image-preview:large","max-video-preview":"max-video-preview:-1"},"canonical":"https:\/\/floodlightglobal.com\/de\/impressum\/","og_locale":"de_DE","og_type":"article","og_title":"Impressum - Floodlight","og_url":"https:\/\/floodlightglobal.com\/de\/impressum\/","og_site_name":"Floodlight","article_modified_time":"2025-10-01T16:46:00+00:00","twitter_card":"summary_large_image","twitter_misc":{"Gesch\u00e4tzte Lesezeit":"2 Minuten"},"schema":{"@context":"https:\/\/schema.org","@graph":[{"@type":"WebPage","@id":"https:\/\/floodlightglobal.com\/impressum\/","url":"https:\/\/floodlightglobal.com\/impressum\/","name":"Impressum - Floodlight","isPartOf":{"@id":"https:\/\/floodlightglobal.com\/#website"},"datePublished":"2025-04-30T06:25:35+00:00","dateModified":"2025-10-01T16:46:00+00:00","breadcrumb":{"@id":"https:\/\/floodlightglobal.com\/impressum\/#breadcrumb"},"inLanguage":"de-AT","potentialAction":[{"@type":"ReadAction","target":["https:\/\/floodlightglobal.com\/impressum\/"]}]},{"@type":"BreadcrumbList","@id":"https:\/\/floodlightglobal.com\/impressum\/#breadcrumb","itemListElement":[{"@type":"ListItem","position":1,"name":"Home","item":"https:\/\/floodlightglobal.com\/"},{"@type":"ListItem","position":2,"name":"Impressum"}]},{"@type":"WebSite","@id":"https:\/\/floodlightglobal.com\/#website","url":"https:\/\/floodlightglobal.com\/","name":"Floodlight","description":"Satellitengest\u00fctzte Treibhausgasmessung und Klimarisikoanalyse","potentialAction":[{"@type":"SearchAction","target":{"@type":"EntryPoint","urlTemplate":"https:\/\/floodlightglobal.com\/?s={search_term_string}"},"query-input":{"@type":"PropertyValueSpecification","valueRequired":true,"valueName":"search_term_string"}}],"inLanguage":"de-AT"}]}},"_links":{"self":[{"href":"https:\/\/floodlightglobal.com\/de\/wp-json\/wp\/v2\/pages\/8065","targetHints":{"allow":["GET"]}}],"collection":[{"href":"https:\/\/floodlightglobal.com\/de\/wp-json\/wp\/v2\/pages"}],"about":[{"href":"https:\/\/floodlightglobal.com\/de\/wp-json\/wp\/v2\/types\/page"}],"author":[{"embeddable":true,"href":"https:\/\/floodlightglobal.com\/de\/wp-json\/wp\/v2\/users\/8"}],"replies":[{"embeddable":true,"href":"https:\/\/floodlightglobal.com\/de\/wp-json\/wp\/v2\/comments?post=8065"}],"version-history":[{"count":4,"href":"https:\/\/floodlightglobal.com\/de\/wp-json\/wp\/v2\/pages\/8065\/revisions"}],"predecessor-version":[{"id":8376,"href":"https:\/\/floodlightglobal.com\/de\/wp-json\/wp\/v2\/pages\/8065\/revisions\/8376"}],"wp:attachment":[{"href":"https:\/\/floodlightglobal.com\/de\/wp-json\/wp\/v2\/media?parent=8065"}],"curies":[{"name":"wp","href":"https:\/\/api.w.org\/{rel}","templated":true}]}}