{"id":7823,"date":"2025-04-07T16:50:06","date_gmt":"2025-04-07T16:50:06","guid":{"rendered":"https:\/\/floodlightglobal.com\/?page_id=7823"},"modified":"2025-04-15T21:14:26","modified_gmt":"2025-04-15T21:14:26","slug":"climate-risk-assessment-identify-your-industry-ghg-protocol-experts","status":"publish","type":"page","link":"https:\/\/floodlightglobal.com\/de\/climate-risk-assessment-identify-your-industry-ghg-protocol-experts\/","title":{"rendered":"Klimarisikobewertung: Identifizieren Sie Ihre Branche | Experten f\u00fcr Treibhausgasprotokolle"},"content":{"rendered":"<div id=\"fws_69fc6a5fc30ed\"  data-column-margin=\"default\" data-midnight=\"light\"  class=\"wpb_row vc_row-fluid vc_row full-width-section vc_row-o-full-height vc_row-o-columns-top vc_row-o-equal-height vc_row-flex vc_row-o-content-top parallax_section right_padding_8pct\"  style=\"padding-top: 0px; padding-bottom: 0px; \"><div class=\"row-bg-wrap\" data-bg-animation=\"fade-in\" data-bg-animation-delay=\"\" data-bg-overlay=\"false\"><div class=\"inner-wrap row-bg-layer\" ><div class=\"row-bg viewport-desktop\" data-parallax-speed=\"medium_fast\" style=\"\"><\/div><\/div><\/div><ul class=\"nectar-parallax-scene row-bg-layer\" data-scene-position=\"center\" data-scene-strength=\"10\"><li class=\"layer\" data-depth=\"0.00\"><\/li><li class=\"layer\" data-depth=\"0.3\"><div style=\"background-image:url('https:\/\/floodlightglobal.com\/wp-content\/uploads\/2025\/04\/Webapage01.2.png');\"><\/div><\/li><\/ul><div class=\"row_col_wrap_12 col span_12 light left\">\n\t<div style=\"margin-top: 20%; margin-bottom: 20%; \" class=\"vc_col-sm-12 wpb_column column_container vc_column_container col no-extra-padding inherit_tablet inherit_phone\"  data-padding-pos=\"all\" data-has-bg-color=\"false\" data-bg-color=\"\" data-bg-opacity=\"1\" data-animation=\"\" data-delay=\"0\" >\n\t\t<div class=\"vc_column-inner\" >\n\t\t\t<div class=\"wpb_wrapper\">\n\t\t\t\t\n<div class=\"wpb_text_column wpb_content_element  wpb_animate_when_almost_visible wpb_slideInLeft slideInLeft\" >\n\t<div class=\"wpb_wrapper\">\n\t\t<h1 style=\"font-family: Roboto;\"><span style=\"color: #ffffff;\">Schritt 1: Identifizieren Sie Ihre Branche f\u00fcr eine ma\u00dfgeschneiderte Klimarisiko- und Treibhausgasbewertung<\/span><\/h1>\n\t<\/div>\n<\/div>\n\n\n\n\n<div class=\"wpb_text_column wpb_content_element  wpb_animate_when_almost_visible wpb_slideInUp slideInUp\" >\n\t<div class=\"wpb_wrapper\">\n\t\t<p><span style=\"color: #ffffff;\"><strong>Willkommen zum ersten Schritt<\/strong> unserer umfassenden <strong>Klimarisikobewertung<\/strong> Prozess, abgestimmt auf die <strong>Treibhausgasprotokoll<\/strong> Und <strong>ISO 14064<\/strong> Standards. Durch <strong>Identifizierung Ihrer Branche<\/strong>k\u00f6nnen wir hochgradig fokussierte Erkenntnisse und Strategien liefern, die darauf ausgelegt sind, Klimarisiken zu mindern, <strong>CO2-Fu\u00dfabdr\u00fccke<\/strong>und verbessern <strong>Unternehmensverantwortung f\u00fcr das Klima<\/strong>.<\/span><\/p>\n\t<\/div>\n<\/div>\n\n\n\n<p style=\"color: #ffffff;text-align: left;font-family:Roboto;font-weight:400;font-style:normal\" class=\"vc_custom_heading wpb_animate_when_almost_visible wpb_bounceInUp bounceInUp\" >Scrollen Sie nach unten \u2193<\/p><div class=\"divider-wrap\" data-alignment=\"default\"><div style=\"height: 250px;\" class=\"divider\"><\/div><\/div>\n\t<div class=\"wpb_raw_code wpb_content_element wpb_raw_html\" >\n\t\t<div class=\"wpb_wrapper\">\n\t\t\t<iframe loading=\"lazy\" width=\"1164\" height=\"655\" src=\"https:\/\/www.youtube.com\/embed\/dbreSPdKbyo\" title=\"Floodlight Treibhausgas-Versicherung\" frameborder=\"0\" allow=\"accelerometer; autoplay; clipboard-write; encrypted-media; gyroscope; picture-in-picture; web-share\" referrerpolicy=\"strict-origin-when-cross-origin\" allowfullscreen><\/iframe>\n\t\t<\/div>\n\t<\/div>\n\n\t\t\t<\/div> \n\t\t<\/div>\n\t<\/div> \n<\/div><\/div>\n\t\t<div id=\"fws_69fc6a5fc4824\"  data-column-margin=\"default\" data-midnight=\"dark\"  class=\"wpb_row vc_row-fluid vc_row full-width-section parallax_section\"  style=\"padding-top: 0px; padding-bottom: 0px; \"><div class=\"row-bg-wrap\" data-bg-animation=\"zoom-out-slow\" data-bg-animation-delay=\"\" data-bg-overlay=\"false\"><div class=\"inner-wrap row-bg-layer\" ><div class=\"row-bg viewport-desktop using-bg-color\" data-parallax-speed=\"medium_fast\" style=\"background-color: #0b1d26; \"><\/div><\/div><\/div><div class=\"row_col_wrap_12 col span_12 dark left\">\n\t<div  class=\"vc_col-sm-12 wpb_column column_container vc_column_container col no-extra-padding inherit_tablet inherit_phone\"  data-padding-pos=\"all\" data-has-bg-color=\"false\" data-bg-color=\"\" data-bg-opacity=\"1\" data-animation=\"\" data-delay=\"0\" >\n\t\t<div class=\"vc_column-inner\" >\n\t\t\t<div class=\"wpb_wrapper\">\n\t\t\t\t<div id=\"fws_69fc6a5fc4c1e\" data-midnight=\"\" data-column-margin=\"default\" class=\"wpb_row vc_row-fluid vc_row inner_row\"  style=\"\"><div class=\"row-bg-wrap\"> <div class=\"row-bg\" ><\/div> <\/div><div class=\"row_col_wrap_12_inner col span_12  left\">\n\t<div  class=\"vc_col-sm-6 wpb_column column_container vc_column_container col child_column has-animation no-extra-padding inherit_tablet inherit_phone\"   data-padding-pos=\"all\" data-has-bg-color=\"false\" data-bg-color=\"\" data-bg-opacity=\"1\" data-animation=\"zoom-out\" data-delay=\"0\" data-scroll-animation=\"true\" data-scroll-animation-movement=\"default\" data-scroll-animation-mobile=\"true\" data-scroll-animation-intensity=\"3\" >\n\t\t<div class=\"vc_column-inner\" >\n\t\t<div class=\"wpb_wrapper\">\n\t\t\t\n<div class=\"wpb_text_column wpb_content_element  wpb_animate_when_almost_visible wpb_fadeIn fadeIn vc_custom_1744061920768\" >\n\t<div class=\"wpb_wrapper\">\n\t\t<h2><span style=\"color: #ffffff;\">Warum die Branchenklassifizierung wichtig ist<\/span><\/h2>\n<p><span style=\"color: #ffffff;\"><!-- \/wp:post-content --><\/span><\/p>\n<p><span style=\"color: #ffffff;\"><!-- wp:paragraph -->Verschiedene Branchen stehen vor individuellen Klimaherausforderungen \u2013 von der Wasserknappheit in der Landwirtschaft bis hin zu Methanemissionen aus der \u00d6l- und Gasindustrie. Durch die korrekte Klassifizierung Ihres Sektors k\u00f6nnen wir:<\/span><\/p>\n<ul>\n<li><span style=\"color: #ffffff;\"><strong>Branchenspezifische Gefahrenprofile<br \/><\/strong>Gezielte Erkenntnisse: Wir vergleichen die wichtigsten Gefahren \u2013 Hurrikane, \u00dcberschwemmungsgefahr, extreme Hitze usw. \u2013 mit den typischen Abl\u00e4ufen in Ihrer Branche.<br \/>Regulatorischer Fokus: Jede Branche muss sich mit spezifischen risikobezogenen Vorschriften auseinandersetzen, von der sturmsicheren Infrastruktur bis hin zu Versicherungsanforderungen.<\/span><\/li>\n<li><span style=\"color: #ffffff;\"><strong>Relevante Emissionsquellen lokalisieren<br \/><\/strong>Unabh\u00e4ngig davon, ob Sie Produktionsanlagen oder abgelegene Bohrstandorte betreiben, passen wir unsere Berechnungen an branchenspezifische Emissionsschwerpunkte an (z. B. Schwermaschinen, K\u00fchleinheiten, Transportflotten).<\/span><\/li>\n<li><span style=\"color: #ffffff;\"><strong>Vergleichen Sie mit Branchen-Benchmarks<br \/><\/strong>Wir nutzen anerkannte Frameworks wie das GHG Protocol und ISO 14064, um Ihre Daten mit denen von Unternehmen zu vergleichen, die vor \u00e4hnlichen operativen Herausforderungen stehen. Dieser Kontext zeigt Ihnen genau, wo Sie herausragend sind und wo Sie sich verbessern k\u00f6nnen.<\/span><\/li>\n<\/ul>\n\t<\/div>\n<\/div>\n\n\n\n\n\t\t<\/div> \n\t<\/div>\n\t<\/div> \n\n\t<div  class=\"vc_col-sm-6 wpb_column column_container vc_column_container col child_column has-animation no-extra-padding inherit_tablet inherit_phone\"   data-padding-pos=\"all\" data-has-bg-color=\"false\" data-bg-color=\"\" data-bg-opacity=\"1\" data-animation=\"zoom-out\" data-delay=\"0\" data-scroll-animation=\"true\" data-scroll-animation-movement=\"default\" data-scroll-animation-mobile=\"true\" data-scroll-animation-intensity=\"3\" >\n\t\t<div class=\"vc_column-inner\" >\n\t\t<div class=\"wpb_wrapper\">\n\t\t\t<div class=\"img-with-aniamtion-wrap\" data-max-width=\"100%\" data-max-width-mobile=\"default\" data-shadow=\"none\" data-animation=\"fade-in-from-right\" >\n      <div class=\"inner\">\n        <div class=\"hover-wrap\"> \n          <div class=\"hover-wrap-inner\">\n            <img loading=\"lazy\" decoding=\"async\" class=\"img-with-animation skip-lazy\" data-delay=\"0\" height=\"764\" width=\"600\" data-animation=\"fade-in-from-right\" src=\"https:\/\/floodlightglobal.com\/wp-content\/uploads\/2025\/04\/Website-GraphicsPG1-02.png\" alt=\"\" srcset=\"https:\/\/floodlightglobal.com\/wp-content\/uploads\/2025\/04\/Website-GraphicsPG1-02.png 600w, https:\/\/floodlightglobal.com\/wp-content\/uploads\/2025\/04\/Website-GraphicsPG1-02-236x300.png 236w, https:\/\/floodlightglobal.com\/wp-content\/uploads\/2025\/04\/Website-GraphicsPG1-02-9x12.png 9w\" sizes=\"auto, (max-width: 600px) 100vw, 600px\" \/>\n          <\/div>\n        <\/div>\n      <\/div>\n    <\/div>\n\t\t<\/div> \n\t<\/div>\n\t<\/div> \n<\/div><\/div><div class=\"divider-wrap\" data-alignment=\"default\"><div style=\"margin-top: 2.5px; height: 1px; margin-bottom: 2.5px;\" data-width=\"100%\" data-animate=\"yes\" data-animation-delay=\"\" data-color=\"white\" class=\"divider-border\"><\/div><\/div>\n\t\t\t<\/div> \n\t\t<\/div>\n\t<\/div> \n<\/div><\/div>\n\t\t<div id=\"fws_69fc6a5fc5b2b\"  data-column-margin=\"default\" data-midnight=\"dark\" data-top-percent=\"5%\" data-bottom-percent=\"5%\"  class=\"wpb_row vc_row-fluid vc_row full-width-section parallax_section\"  style=\"padding-top: calc(100vw * 0.05); padding-bottom: calc(100vw * 0.05); \"><div class=\"row-bg-wrap\" data-bg-animation=\"zoom-out-slow\" data-bg-animation-delay=\"\" data-bg-overlay=\"false\"><div class=\"inner-wrap row-bg-layer\" ><div class=\"row-bg viewport-desktop using-bg-color\" data-parallax-speed=\"fast\" style=\"background-color: #0b1d26; \"><\/div><\/div><\/div><div class=\"row_col_wrap_12 col span_12 dark left\">\n\t<div  class=\"vc_col-sm-12 wpb_column column_container vc_column_container col no-extra-padding inherit_tablet inherit_phone\"  data-padding-pos=\"all\" data-has-bg-color=\"false\" data-bg-color=\"\" data-bg-opacity=\"1\" data-animation=\"\" data-delay=\"0\" >\n\t\t<div class=\"vc_column-inner\" >\n\t\t\t<div class=\"wpb_wrapper\">\n\t\t\t\t<div id=\"fws_69fc6a5fc5d5f\" data-midnight=\"\" data-column-margin=\"default\" class=\"wpb_row vc_row-fluid vc_row inner_row\"  style=\"\"><div class=\"row-bg-wrap\"> <div class=\"row-bg\" ><\/div> <\/div><div class=\"row_col_wrap_12_inner col span_12  left\">\n\t<div  class=\"vc_col-sm-6 wpb_column column_container vc_column_container col child_column has-animation no-extra-padding inherit_tablet inherit_phone\"   data-padding-pos=\"all\" data-has-bg-color=\"false\" data-bg-color=\"\" data-bg-opacity=\"1\" data-animation=\"zoom-out\" data-delay=\"0\" data-scroll-animation=\"true\" data-scroll-animation-movement=\"default\" data-scroll-animation-mobile=\"true\" data-scroll-animation-intensity=\"3\" >\n\t\t<div class=\"vc_column-inner\" >\n\t\t<div class=\"wpb_wrapper\">\n\t\t\t<div class=\"img-with-aniamtion-wrap center\" data-max-width=\"100%\" data-max-width-mobile=\"default\" data-shadow=\"none\" data-animation=\"fade-in-from-left\" >\n      <div class=\"inner\">\n        <div class=\"hover-wrap\"> \n          <div class=\"hover-wrap-inner\">\n            <img loading=\"lazy\" decoding=\"async\" class=\"img-with-animation skip-lazy\" data-delay=\"150\" height=\"764\" width=\"600\" data-animation=\"fade-in-from-left\" src=\"https:\/\/floodlightglobal.com\/wp-content\/uploads\/2025\/04\/Website-GraphicsPG1-01.png\" alt=\"\" srcset=\"https:\/\/floodlightglobal.com\/wp-content\/uploads\/2025\/04\/Website-GraphicsPG1-01.png 600w, https:\/\/floodlightglobal.com\/wp-content\/uploads\/2025\/04\/Website-GraphicsPG1-01-236x300.png 236w, https:\/\/floodlightglobal.com\/wp-content\/uploads\/2025\/04\/Website-GraphicsPG1-01-9x12.png 9w\" sizes=\"auto, (max-width: 600px) 100vw, 600px\" \/>\n          <\/div>\n        <\/div>\n      <\/div>\n    <\/div>\n\t\t<\/div> \n\t<\/div>\n\t<\/div> \n\n\t<div  class=\"vc_col-sm-6 wpb_column column_container vc_column_container col child_column has-animation no-extra-padding inherit_tablet inherit_phone\"   data-padding-pos=\"all\" data-has-bg-color=\"false\" data-bg-color=\"\" data-bg-opacity=\"1\" data-animation=\"zoom-out\" data-delay=\"0\" data-scroll-animation=\"true\" data-scroll-animation-movement=\"default\" data-scroll-animation-mobile=\"true\" data-scroll-animation-intensity=\"3\" >\n\t\t<div class=\"vc_column-inner\" >\n\t\t<div class=\"wpb_wrapper\">\n\t\t\t\n<div class=\"wpb_text_column wpb_content_element  wpb_animate_when_almost_visible wpb_fadeIn fadeIn vc_custom_1744061947988\" >\n\t<div class=\"wpb_wrapper\">\n\t\t<h2 class=\"wp-block-heading\"><span style=\"color: #ffffff;\"><strong>Hauptvorteile eines branchenorientierten Ansatzes<\/strong><\/span><\/h2>\n<ol>\n<li><span style=\"color: #ffffff;\"><strong>Umsetzbare, gefahrenspezifische Daten<\/strong><\/span><br \/><span style=\"color: #ffffff;\">Wir bewerten \u00fcber 25 Klimagefahren \u2013 von Hurrikanen und K\u00fcsten\u00fcberschwemmungen bis hin zu Waldbr\u00e4nden und extremen Hitzeereignissen. Durch die Integration Ihrer Branchenklassifizierung ermitteln wir diejenigen Gefahren, die Ihren Umsatz, Ihren Betrieb und die Sicherheit Ihrer Mitarbeiter am wahrscheinlichsten beeintr\u00e4chtigen.<\/span><\/li>\n<li><span style=\"color: #ffffff;\"><strong>Genaue Berechnung des CO2-Fu\u00dfabdrucks<\/strong><\/span><br \/><span style=\"color: #ffffff;\">Unsere Plattform integriert Ihre Betriebsdaten \u2013 beispielsweise von B\u00fcrogeb\u00e4uden, Bergwerken und abgelegenen Bohrstandorten \u2013 mit Satellitenbildern. Durch die Kombination Ihrer spezifischen Daten mit branchenrelevanten Annahmen erstellen wir ein pr\u00e4zises Inventar Ihrer Treibhausgasemissionen.<\/span><\/li>\n<li><span style=\"color: #ffffff;\"><strong>Verbessertes Stakeholder-Vertrauen<\/strong><\/span><br \/><span style=\"color: #ffffff;\">Eine ma\u00dfgeschneiderte Bewertung zeigt Investoren, Aufsichtsbeh\u00f6rden und Kunden, dass Sie die Verantwortung Ihres Unternehmens f\u00fcr das Klima ernst nehmen. Wenn Ihre Analyse auf robusten, ISO 14064-konformen Methoden basiert, demonstrieren Sie Compliance und Vordenkertum.<\/span><\/li>\n<li><span style=\"color: #ffffff;\"><strong>Informierte Ressourcenzuweisung<\/strong><\/span><br \/><span style=\"color: #ffffff;\">Identifizieren Sie, welche Anlagen oder Prozesse die h\u00f6chsten Emissionen und Klimarisiken verursachen. Indem Sie die gr\u00f6\u00dften Verbesserungsm\u00f6glichkeiten gezielt nutzen, sparen Sie Zeit und Ressourcen und maximieren gleichzeitig die Wirkung.<\/span><\/li>\n<\/ol>\n\t<\/div>\n<\/div>\n\n\n\n\n\t\t<\/div> \n\t<\/div>\n\t<\/div> \n<\/div><\/div><div class=\"divider-wrap\" data-alignment=\"default\"><div style=\"margin-top: 2.5px; height: 1px; margin-bottom: 2.5px;\" data-width=\"100%\" data-animate=\"yes\" data-animation-delay=\"\" data-color=\"white\" class=\"divider-border\"><\/div><\/div>\n\t\t\t<\/div> \n\t\t<\/div>\n\t<\/div> \n<\/div><\/div>\n\t\t<div id=\"fws_69fc6a5fc692e\"  data-column-margin=\"default\" data-midnight=\"dark\"  class=\"wpb_row vc_row-fluid vc_row full-width-section\"  style=\"padding-top: 0px; padding-bottom: 0px; \"><div class=\"row-bg-wrap\" data-bg-animation=\"none\" data-bg-animation-delay=\"\" data-bg-overlay=\"false\"><div class=\"inner-wrap row-bg-layer\" ><div class=\"row-bg viewport-desktop using-bg-color\"  style=\"background-color: #0b1d26; \"><\/div><\/div><\/div><div class=\"row_col_wrap_12 col span_12 dark left\">\n\t<div  class=\"vc_col-sm-12 wpb_column column_container vc_column_container col no-extra-padding inherit_tablet inherit_phone\"  data-padding-pos=\"all\" data-has-bg-color=\"false\" data-bg-color=\"\" data-bg-opacity=\"1\" data-animation=\"\" data-delay=\"0\" >\n\t\t<div class=\"vc_column-inner\" >\n\t\t\t<div class=\"wpb_wrapper\">\n\t\t\t\t\n<div class=\"wpb_text_column wpb_content_element  wpb_animate_when_almost_visible wpb_fadeIn fadeIn\" >\n\t<div class=\"wpb_wrapper\">\n\t\t<h2><span style=\"color: #ffffff;\">So funktioniert dieser Schritt<\/span><\/h2>\n<ol>\n<li><span style=\"color: #ffffff;\"><strong><span style=\"font-size: 16px;\">W\u00e4hlen Sie Ihre Branche<\/span><\/strong><span style=\"font-size: 16px;\"><br \/><\/span><span style=\"font-size: 16px;\">W\u00e4hlen Sie aus einer Liste \u2013 beispielsweise \u00d6l und Gas, Bergbau, Einzelhandel, Fertigung oder Landwirtschaft. Falls nichts zutrifft, w\u00e4hlen Sie \u201eSonstiges\u201c und geben Sie eine kurze Beschreibung Ihrer Kernaktivit\u00e4ten an.<\/span><\/span><\/li>\n<li><span style=\"color: #ffffff;\"><strong>Geben Sie grundlegende organisatorische Details an<\/strong><\/span><br \/><span style=\"color: #ffffff;\">Teilen Sie uns die Gr\u00f6\u00dfe, den Standort und die wichtigsten Gesch\u00e4ftsbereiche Ihres Unternehmens mit. So k\u00f6nnen wir unsere GHG Protocol-konformen Berechnungen an die Realit\u00e4t Ihres Unternehmens anpassen.<\/span><\/li>\n<li><span style=\"color: #ffffff;\"><strong>Bereiten Sie sich auf die Bestandsaufnahme Ihrer Einrichtung vor<\/strong><\/span><br \/><span style=\"color: #ffffff;\">Sobald Ihr Sektor klar ist, f\u00fchren wir Sie zu Schritt 2: \u201eErfassen Sie Ihren CO2-Fu\u00dfabdruck\u201c. Hier kartieren Sie jede Anlage, von der Unternehmenszentrale bis zur Produktionsst\u00e4tte. Diese detaillierten Daten stellen sicher, dass unsere Satellitenscans Ihren CO2-Fu\u00dfabdruck und Ihr Klimarisikoprofil pr\u00e4zise erfassen.<\/span><\/li>\n<\/ol>\n\t<\/div>\n<\/div>\n\n\n\n\n<div class=\"wpb_text_column wpb_content_element  wpb_animate_when_almost_visible wpb_fadeIn fadeIn\" >\n\t<div class=\"wpb_wrapper\">\n\t\t<h2><span style=\"color: #ffffff;\">Nutzung von Satellitenscans und GHG-Protokollstandards<\/span><\/h2>\n<p><span style=\"color: #ffffff;\"><!-- \/wp:paragraph --><\/span><\/p>\n<p><span style=\"color: #ffffff;\"><!-- wp:paragraph -->Unsere Cloud-Plattform nutzt Terabyte an Satellitendaten, um Emissionen auf Standortebene zu messen und zu verifizieren. Wir halten uns sowohl an die Vorgaben des GHG Protocol als auch an die ISO 14064-Richtlinien und gew\u00e4hrleisten so die Pr\u00fcfbarkeit und Glaubw\u00fcrdigkeit Ihrer Ergebnisse. Weitere Informationen zu diesen Standards finden Sie in der offiziellen <strong><span style=\"color: #4fb2c7;\"><a style=\"color: #4fb2c7;\" href=\"https:\/\/ghgprotocol.org\/\">Website des GHG Protocol<\/a><\/span><\/strong> oder die <span style=\"color: #4fb2c7;\"><strong><a style=\"color: #4fb2c7;\" href=\"https:\/\/www.iso.org\/home.html\">Seite der ISO-Organisation<\/a><span style=\"color: #ffffff;\">.<\/span><\/strong><\/span><\/span><\/p>\n<p>\u00a0<\/p>\n\t<\/div>\n<\/div>\n\n\n\n<div class=\"divider-wrap\" data-alignment=\"default\"><div style=\"margin-top: 2.5px; height: 1px; margin-bottom: 2.5px;\" data-width=\"100%\" data-animate=\"yes\" data-animation-delay=\"\" data-color=\"white\" class=\"divider-border\"><\/div><\/div>\n<div class=\"wpb_text_column wpb_content_element  wpb_animate_when_almost_visible wpb_slideInUp slideInUp vc_custom_1744145408284\" >\n\t<div class=\"wpb_wrapper\">\n\t\t<h2><span style=\"color: #ffffff;\">Wie geht es weiter?<\/span><\/h2>\n<p><span style=\"color: #ffffff;\"><!-- \/wp:paragraph --><\/span><\/p>\n<p><span style=\"color: #ffffff;\"><!-- wp:paragraph -->Sobald Sie Ihre Branche ausgew\u00e4hlt haben, fahren Sie fort mit <strong><span style=\"color: #4fb2c7;\"><a style=\"color: #4fb2c7;\" href=\"https:\/\/floodlightglobal.com\/de\/step-2-gather-your-footprint-for-comprehensive-climate-risk-and-ghg-analysis\/\">Schritt 2: Sammeln Sie Ihren Fu\u00dfabdruck<\/a><\/span><\/strong> f\u00fcr eine detaillierte Anlageninventur. Danach <strong><span style=\"color: #4fb2c7;\"><a style=\"color: #4fb2c7;\" href=\"https:\/\/floodlightglobal.com\/de\/step-3-advanced-analytics-satellite-scans-climate-risk-ghg-protocol-insights\/\">Schritt 3<\/a> <\/span><\/strong>taucht tiefer in die erweiterte Analytik ein \u2013 dabei nutzen wir Satellitenscans und sektorspezifische Benchmarks, um Ihnen GHG Protocol-konforme Erkenntnisse zu liefern.<\/span><\/p>\n<p>&nbsp;<\/p>\n<p>\u00a0<\/p>\n\t<\/div>\n<\/div>\n\n\n\n\n\t\t\t<\/div> \n\t\t<\/div>\n\t<\/div> \n<\/div><\/div>","protected":false},"excerpt":{"rendered":"Schritt 1: Identifizieren Sie Ihre Branche f\u00fcr eine ma\u00dfgeschneiderte Klimarisiko- und Treibhausgasbewertung. Willkommen beim ersten Schritt unseres umfassenden Klimarisikobewertungsprozesses, der sowohl auf das Treibhauspotenzial ausgerichtet ist...","protected":false},"author":1,"featured_media":0,"parent":0,"menu_order":0,"comment_status":"closed","ping_status":"closed","template":"","meta":{"content-type":"","footnotes":""},"class_list":["post-7823","page","type-page","status-publish"],"yoast_head":"<!-- This site is optimized with the Yoast SEO plugin v25.3.1 - https:\/\/yoast.com\/wordpress\/plugins\/seo\/ -->\n<title>Climate Risk Assessment: Identify Your Industry | GHG Protocol Experts - Floodlight<\/title>\n<meta name=\"robots\" content=\"index, follow, max-snippet:-1, max-image-preview:large, max-video-preview:-1\" \/>\n<link rel=\"canonical\" href=\"https:\/\/floodlightglobal.com\/de\/climate-risk-assessment-identify-your-industry-ghg-protocol-experts\/\" \/>\n<meta property=\"og:locale\" content=\"de_DE\" \/>\n<meta property=\"og:type\" content=\"article\" \/>\n<meta property=\"og:title\" content=\"Climate Risk Assessment: Identify Your Industry | GHG Protocol Experts - Floodlight\" \/>\n<meta property=\"og:url\" content=\"https:\/\/floodlightglobal.com\/de\/climate-risk-assessment-identify-your-industry-ghg-protocol-experts\/\" \/>\n<meta property=\"og:site_name\" content=\"Floodlight\" \/>\n<meta property=\"article:modified_time\" content=\"2025-04-15T21:14:26+00:00\" \/>\n<meta name=\"twitter:card\" content=\"summary_large_image\" \/>\n<meta name=\"twitter:label1\" content=\"Gesch\u00e4tzte Lesezeit\" \/>\n\t<meta name=\"twitter:data1\" content=\"11 Minuten\" \/>\n<script type=\"application\/ld+json\" class=\"yoast-schema-graph\">{\"@context\":\"https:\/\/schema.org\",\"@graph\":[{\"@type\":\"WebPage\",\"@id\":\"https:\/\/floodlightglobal.com\/climate-risk-assessment-identify-your-industry-ghg-protocol-experts\/\",\"url\":\"https:\/\/floodlightglobal.com\/climate-risk-assessment-identify-your-industry-ghg-protocol-experts\/\",\"name\":\"Climate Risk Assessment: Identify Your Industry | GHG Protocol Experts - Floodlight\",\"isPartOf\":{\"@id\":\"https:\/\/floodlightglobal.com\/#website\"},\"datePublished\":\"2025-04-07T16:50:06+00:00\",\"dateModified\":\"2025-04-15T21:14:26+00:00\",\"breadcrumb\":{\"@id\":\"https:\/\/floodlightglobal.com\/climate-risk-assessment-identify-your-industry-ghg-protocol-experts\/#breadcrumb\"},\"inLanguage\":\"de-AT\",\"potentialAction\":[{\"@type\":\"ReadAction\",\"target\":[\"https:\/\/floodlightglobal.com\/climate-risk-assessment-identify-your-industry-ghg-protocol-experts\/\"]}]},{\"@type\":\"BreadcrumbList\",\"@id\":\"https:\/\/floodlightglobal.com\/climate-risk-assessment-identify-your-industry-ghg-protocol-experts\/#breadcrumb\",\"itemListElement\":[{\"@type\":\"ListItem\",\"position\":1,\"name\":\"Home\",\"item\":\"https:\/\/floodlightglobal.com\/\"},{\"@type\":\"ListItem\",\"position\":2,\"name\":\"Climate Risk Assessment: Identify Your Industry | GHG Protocol Experts\"}]},{\"@type\":\"WebSite\",\"@id\":\"https:\/\/floodlightglobal.com\/#website\",\"url\":\"https:\/\/floodlightglobal.com\/\",\"name\":\"Floodlight\",\"description\":\"Satellite\u2011Based GHG Measurement &amp; Climate\u2011Risk Analytics\",\"potentialAction\":[{\"@type\":\"SearchAction\",\"target\":{\"@type\":\"EntryPoint\",\"urlTemplate\":\"https:\/\/floodlightglobal.com\/?s={search_term_string}\"},\"query-input\":{\"@type\":\"PropertyValueSpecification\",\"valueRequired\":true,\"valueName\":\"search_term_string\"}}],\"inLanguage\":\"de-AT\"}]}<\/script>\n<!-- \/ Yoast SEO plugin. -->","yoast_head_json":{"title":"Klima-Risiko-Bewertung: Identifizieren Sie Ihre Branche | GHG Protokoll Experten - Floodlight","robots":{"index":"index","follow":"follow","max-snippet":"max-snippet:-1","max-image-preview":"max-image-preview:large","max-video-preview":"max-video-preview:-1"},"canonical":"https:\/\/floodlightglobal.com\/de\/climate-risk-assessment-identify-your-industry-ghg-protocol-experts\/","og_locale":"de_DE","og_type":"article","og_title":"Climate Risk Assessment: Identify Your Industry | GHG Protocol Experts - Floodlight","og_url":"https:\/\/floodlightglobal.com\/de\/climate-risk-assessment-identify-your-industry-ghg-protocol-experts\/","og_site_name":"Floodlight","article_modified_time":"2025-04-15T21:14:26+00:00","twitter_card":"summary_large_image","twitter_misc":{"Gesch\u00e4tzte Lesezeit":"11 Minuten"},"schema":{"@context":"https:\/\/schema.org","@graph":[{"@type":"WebPage","@id":"https:\/\/floodlightglobal.com\/climate-risk-assessment-identify-your-industry-ghg-protocol-experts\/","url":"https:\/\/floodlightglobal.com\/climate-risk-assessment-identify-your-industry-ghg-protocol-experts\/","name":"Klima-Risiko-Bewertung: Identifizieren Sie Ihre Branche | GHG Protokoll Experten - Floodlight","isPartOf":{"@id":"https:\/\/floodlightglobal.com\/#website"},"datePublished":"2025-04-07T16:50:06+00:00","dateModified":"2025-04-15T21:14:26+00:00","breadcrumb":{"@id":"https:\/\/floodlightglobal.com\/climate-risk-assessment-identify-your-industry-ghg-protocol-experts\/#breadcrumb"},"inLanguage":"de-AT","potentialAction":[{"@type":"ReadAction","target":["https:\/\/floodlightglobal.com\/climate-risk-assessment-identify-your-industry-ghg-protocol-experts\/"]}]},{"@type":"BreadcrumbList","@id":"https:\/\/floodlightglobal.com\/climate-risk-assessment-identify-your-industry-ghg-protocol-experts\/#breadcrumb","itemListElement":[{"@type":"ListItem","position":1,"name":"Home","item":"https:\/\/floodlightglobal.com\/"},{"@type":"ListItem","position":2,"name":"Climate Risk Assessment: Identify Your Industry | GHG Protocol Experts"}]},{"@type":"WebSite","@id":"https:\/\/floodlightglobal.com\/#website","url":"https:\/\/floodlightglobal.com\/","name":"Floodlight","description":"Satellitengest\u00fctzte Treibhausgasmessung und Klimarisikoanalyse","potentialAction":[{"@type":"SearchAction","target":{"@type":"EntryPoint","urlTemplate":"https:\/\/floodlightglobal.com\/?s={search_term_string}"},"query-input":{"@type":"PropertyValueSpecification","valueRequired":true,"valueName":"search_term_string"}}],"inLanguage":"de-AT"}]}},"_links":{"self":[{"href":"https:\/\/floodlightglobal.com\/de\/wp-json\/wp\/v2\/pages\/7823","targetHints":{"allow":["GET"]}}],"collection":[{"href":"https:\/\/floodlightglobal.com\/de\/wp-json\/wp\/v2\/pages"}],"about":[{"href":"https:\/\/floodlightglobal.com\/de\/wp-json\/wp\/v2\/types\/page"}],"author":[{"embeddable":true,"href":"https:\/\/floodlightglobal.com\/de\/wp-json\/wp\/v2\/users\/1"}],"replies":[{"embeddable":true,"href":"https:\/\/floodlightglobal.com\/de\/wp-json\/wp\/v2\/comments?post=7823"}],"version-history":[{"count":32,"href":"https:\/\/floodlightglobal.com\/de\/wp-json\/wp\/v2\/pages\/7823\/revisions"}],"predecessor-version":[{"id":8019,"href":"https:\/\/floodlightglobal.com\/de\/wp-json\/wp\/v2\/pages\/7823\/revisions\/8019"}],"wp:attachment":[{"href":"https:\/\/floodlightglobal.com\/de\/wp-json\/wp\/v2\/media?parent=7823"}],"curies":[{"name":"wp","href":"https:\/\/api.w.org\/{rel}","templated":true}]}}