{"id":6021,"date":"2022-11-03T12:09:53","date_gmt":"2022-11-03T12:09:53","guid":{"rendered":"https:\/\/34.82.88.213\/?page_id=6021"},"modified":"2025-04-10T00:37:40","modified_gmt":"2025-04-10T00:37:40","slug":"company","status":"publish","type":"page","link":"https:\/\/floodlightglobal.com\/de\/company\/","title":{"rendered":"Unternehmen"},"content":{"rendered":"<div id=\"team\"  data-column-margin=\"default\" data-midnight=\"dark\" data-top-percent=\"10%\" data-bottom-percent=\"10%\"  class=\"wpb_row vc_row-fluid vc_row full-width-section\"  style=\"padding-top: calc(100vw * 0.10); padding-bottom: calc(100vw * 0.10); \"><div class=\"row-bg-wrap\" data-bg-animation=\"none\" data-bg-animation-delay=\"\" data-bg-overlay=\"false\"><div class=\"inner-wrap row-bg-layer using-image\" ><div class=\"row-bg viewport-desktop using-image\"  style=\"background-image: url(https:\/\/floodlightglobal.com\/wp-content\/uploads\/2025\/04\/background-Team2.png); background-position: left top; background-repeat: no-repeat; \"><\/div><\/div><\/div><div class=\"row_col_wrap_12 col span_12 dark left\">\n\t<div  class=\"vc_col-sm-12 wpb_column column_container vc_column_container col centered-text no-extra-padding inherit_tablet inherit_phone\"  data-padding-pos=\"all\" data-has-bg-color=\"false\" data-bg-color=\"\" data-bg-opacity=\"1\" data-animation=\"\" data-delay=\"0\" >\n\t\t<div class=\"vc_column-inner\" >\n\t\t\t<div class=\"wpb_wrapper\">\n\t\t\t\t<div id=\"fws_69d2f983e852d\" data-midnight=\"\" data-column-margin=\"default\" class=\"wpb_row vc_row-fluid vc_row inner_row\"  style=\"\"><div class=\"row-bg-wrap\"> <div class=\"row-bg\" ><\/div> <\/div><div class=\"row_col_wrap_12_inner col span_12  left\">\n\t<div  class=\"vc_col-sm-12 wpb_column column_container vc_column_container col child_column centered-text no-extra-padding inherit_tablet inherit_phone\"   data-padding-pos=\"all\" data-has-bg-color=\"false\" data-bg-color=\"\" data-bg-opacity=\"1\" data-animation=\"\" data-delay=\"0\" >\n\t\t<div class=\"vc_column-inner\" >\n\t\t<div class=\"wpb_wrapper\">\n\t\t\t<h2 style=\"color: #ffffff;text-align: center\" class=\"vc_custom_heading wpb_animate_when_almost_visible wpb_slideInDown slideInDown\" >\u00dcber unser Team<\/h2><div class=\"divider-wrap\" data-alignment=\"default\"><div style=\"margin-top: 20px; width: 40px; height: 2px; margin-bottom: 20px;\" data-width=\"40\" data-animate=\"yes\" data-animation-delay=\"\" data-color=\"white\" class=\"divider-small-border\"><\/div><\/div>\n<div class=\"wpb_text_column wpb_content_element  wpb_animate_when_almost_visible wpb_fadeIn fadeIn\" style=\" max-width: 950px; display: inline-block;\">\n\t<div class=\"wpb_wrapper\">\n\t\t<p><span style=\"color: #ffffff;\">Unsere F\u00fchrungsriege besteht aus Wissenschaftlern, Technologief\u00fchrern und Branchenexperten mit Hunderten von Artikeln und peer-reviewten Publikationen sowie Erfahrung in der Produktentwicklung, unter anderem bei Wells Fargo, Google und der Silicon Valley Bank. Seit 2019 liefert das Floodlight-Team satellitengest\u00fctzte Analysen und Daten, um die wachsenden Nachhaltigkeitsherausforderungen f\u00fcr Unternehmen, Investoren, Regierungen und unseren Planeten zu l\u00f6sen.<\/span><\/p>\n\t<\/div>\n<\/div>\n\n\n\n\n\t\t<\/div> \n\t<\/div>\n\t<\/div> \n<\/div><\/div>\n\t\t\t<\/div> \n\t\t<\/div>\n\t<\/div> \n<\/div><\/div>\n\t\t<div id=\"fws_69d2f983e8e09\"  data-column-margin=\"default\" data-midnight=\"dark\"  class=\"wpb_row vc_row-fluid vc_row\"  style=\"padding-top: 0px; padding-bottom: 0px; \"><div class=\"row-bg-wrap\" data-bg-animation=\"none\" data-bg-animation-delay=\"\" data-bg-overlay=\"false\"><div class=\"inner-wrap row-bg-layer\" ><div class=\"row-bg viewport-desktop\"  style=\"\"><\/div><\/div><\/div><div class=\"row_col_wrap_12 col span_12 dark left\">\n\t<div  class=\"vc_col-sm-12 wpb_column column_container vc_column_container col centered-text no-extra-padding inherit_tablet inherit_phone\"  data-padding-pos=\"all\" data-has-bg-color=\"false\" data-bg-color=\"\" data-bg-opacity=\"1\" data-animation=\"\" data-delay=\"0\" >\n\t\t<div class=\"vc_column-inner\" >\n\t\t\t<div class=\"wpb_wrapper\">\n\t\t\t\t<a class=\"nectar-button jumbo regular extra-color-2  wpb_animate_when_almost_visible wpb_pulse pulse regular-button\"  style=\"margin-top: 50px; margin-bottom: 100px; \"  href=\"#wow-modal-id-1\" data-color-override=\"false\" data-hover-color-override=\"false\" data-hover-text-color-override=\"#fff\"><span>Kontaktieren Sie uns<\/span><\/a>\n\t\t\t<\/div> \n\t\t<\/div>\n\t<\/div> \n<\/div><\/div>\n\t\t<div id=\"fws_69d2f983e96b7\"  data-column-margin=\"default\" data-midnight=\"dark\"  class=\"wpb_row vc_row-fluid vc_row\"  style=\"padding-top: 0px; padding-bottom: 0px; \"><div class=\"row-bg-wrap\" data-bg-animation=\"none\" data-bg-animation-delay=\"\" data-bg-overlay=\"false\"><div class=\"inner-wrap row-bg-layer\" ><div class=\"row-bg viewport-desktop\"  style=\"\"><\/div><\/div><\/div><div class=\"row_col_wrap_12 col span_12 dark left\">\n\t<div  class=\"vc_col-sm-12 wpb_column column_container vc_column_container col has-animation no-extra-padding inherit_tablet inherit_phone\"  data-padding-pos=\"all\" data-has-bg-color=\"false\" data-bg-color=\"\" data-bg-opacity=\"1\" data-animation=\"fade-in\" data-delay=\"0\" >\n\t\t<div class=\"vc_column-inner\" >\n\t\t\t<div class=\"wpb_wrapper\">\n\t\t\t\t<div class=\"col span_12 section-title text-align-center extra-padding\"><h2>F\u00fchrung<\/h2><\/div><div class=\"clear\"><\/div>\n\t\t\t<\/div> \n\t\t<\/div>\n\t<\/div> \n<\/div><\/div>\n\t\t<div id=\"fws_69d2f983e9b68\"  data-column-margin=\"default\" data-midnight=\"dark\"  class=\"wpb_row vc_row-fluid vc_row\"  style=\"padding-top: 0px; padding-bottom: 0px; \"><div class=\"row-bg-wrap\" data-bg-animation=\"fade-in\" data-bg-animation-delay=\"\" data-bg-overlay=\"false\"><div class=\"inner-wrap row-bg-layer\" ><div class=\"row-bg viewport-desktop\"  style=\"\"><\/div><\/div><\/div><div class=\"row_col_wrap_12 col span_12 dark left\">\n\t<div  class=\"vc_col-sm-4 wpb_column column_container vc_column_container col has-animation no-extra-padding inherit_tablet inherit_phone\"  data-padding-pos=\"all\" data-has-bg-color=\"false\" data-bg-color=\"\" data-bg-opacity=\"1\" data-animation=\"zoom-out\" data-delay=\"0\" >\n\t\t<div class=\"vc_column-inner\" >\n\t\t\t<div class=\"wpb_wrapper\">\n\t\t\t\t<div class=\"team-member\" data-style=\"meta_below\"><img decoding=\"async\" alt=\"\" src=\"https:\/\/floodlightglobal.com\/wp-content\/uploads\/2025\/02\/team-1.png\" title=\"Nate Wyne\" \/><h4 class=\"light\">Nate Wyne<\/h4><div class=\"position\"><span style=\"color: #4fb2c7\">Gesch\u00e4ftsf\u00fchrer und Mitgr\u00fcnder<span><\/div><p class=\"description\">Nate Wyne leitet die Mission von Floodlight, satellitengest\u00fctzte Analysen f\u00fcr Nachhaltigkeit und Klimafolgenabsch\u00e4tzung bereitzustellen.<\/p><\/div>\n\t\t\t<\/div> \n\t\t<\/div>\n\t<\/div> \n\n\t<div  class=\"vc_col-sm-4 wpb_column column_container vc_column_container col has-animation no-extra-padding inherit_tablet inherit_phone\"  data-padding-pos=\"all\" data-has-bg-color=\"false\" data-bg-color=\"\" data-bg-opacity=\"1\" data-animation=\"zoom-out\" data-delay=\"0\" >\n\t\t<div class=\"vc_column-inner\" >\n\t\t\t<div class=\"wpb_wrapper\">\n\t\t\t\t<div class=\"team-member\" data-style=\"meta_below\"><img decoding=\"async\" alt=\"\" src=\"https:\/\/floodlightglobal.com\/wp-content\/uploads\/2025\/02\/team-2.png\" title=\"Suchi Gopal\" \/><h4 class=\"light\">Suchi Gopal<\/h4><div class=\"position\"><span style=\"color: #4fb2c7\">Chief Science Officer und Mitgr\u00fcnder<\/span><\/div><p class=\"description\">Suchi Gopal wendet Fachwissen in r\u00e4umlicher Analyse, GIS und KI an, um Umwelt- und Nachhaltigkeitsherausforderungen anzugehen.<\/p><\/div>\n\t\t\t<\/div> \n\t\t<\/div>\n\t<\/div> \n\n\t<div  class=\"vc_col-sm-4 wpb_column column_container vc_column_container col has-animation no-extra-padding inherit_tablet inherit_phone\"  data-padding-pos=\"all\" data-has-bg-color=\"false\" data-bg-color=\"\" data-bg-opacity=\"1\" data-animation=\"zoom-out\" data-delay=\"0\" >\n\t\t<div class=\"vc_column-inner\" >\n\t\t\t<div class=\"wpb_wrapper\">\n\t\t\t\t<div class=\"team-member\" data-style=\"meta_below\"><img decoding=\"async\" alt=\"\" src=\"https:\/\/floodlightglobal.com\/wp-content\/uploads\/2025\/02\/team-3.png\" title=\"Josh Pitts\" \/><h4 class=\"light\">Josh Pitts<\/h4><div class=\"position\"><span style=\"color: #4fb2c7\">Chief Technology Officer und Mitgr\u00fcnder<span><\/div><p class=\"description\">Josh Pitts nutzt seine Expertise in Cloud-L\u00f6sungen und KI, um Innovationen und digitale Strategien in der Klimaanalyse voranzutreiben.<\/p><\/div>\n\t\t\t<\/div> \n\t\t<\/div>\n\t<\/div> \n<\/div><\/div>\n\t\t<div id=\"fws_69d2f983ef891\"  data-column-margin=\"default\" data-midnight=\"dark\"  class=\"wpb_row vc_row-fluid vc_row\"  style=\"padding-top: 0px; padding-bottom: 0px; \"><div class=\"row-bg-wrap\" data-bg-animation=\"fade-in\" data-bg-animation-delay=\"\" data-bg-overlay=\"false\"><div class=\"inner-wrap row-bg-layer\" ><div class=\"row-bg viewport-desktop\"  style=\"\"><\/div><\/div><\/div><div class=\"row_col_wrap_12 col span_12 dark left\">\n\t<div  class=\"vc_col-sm-4 wpb_column column_container vc_column_container col has-animation no-extra-padding inherit_tablet inherit_phone\"  data-padding-pos=\"all\" data-has-bg-color=\"false\" data-bg-color=\"\" data-bg-opacity=\"1\" data-animation=\"zoom-out\" data-delay=\"0\" >\n\t\t<div class=\"vc_column-inner\" >\n\t\t\t<div class=\"wpb_wrapper\">\n\t\t\t\t<div class=\"team-member\" data-style=\"meta_below\"><img decoding=\"async\" alt=\"\" src=\"https:\/\/floodlightglobal.com\/wp-content\/uploads\/2025\/02\/team-4.png\" title=\"Josh Bridgwater\" \/><h4 class=\"light\">Josh Bridgwater<\/h4><div class=\"position\"><span style=\"color: #4fb2c7\">SVP Strategie &amp; Vertrieb<span><\/div><p class=\"description\">Josh Bridgwater nutzt seine umfassende Erfahrung in den Bereichen Recht und Compliance im Schweizer Bankensektor, um die Strategie- und Verkaufsinitiativen von Floodlight zu leiten.<\/p><\/div>\n\t\t\t<\/div> \n\t\t<\/div>\n\t<\/div> \n\n\t<div  class=\"vc_col-sm-4 wpb_column column_container vc_column_container col has-animation no-extra-padding inherit_tablet inherit_phone\"  data-padding-pos=\"all\" data-has-bg-color=\"false\" data-bg-color=\"\" data-bg-opacity=\"1\" data-animation=\"zoom-out\" data-delay=\"0\" >\n\t\t<div class=\"vc_column-inner\" >\n\t\t\t<div class=\"wpb_wrapper\">\n\t\t\t\t<div class=\"team-member\" data-style=\"meta_below\"><img decoding=\"async\" alt=\"\" src=\"https:\/\/floodlightglobal.com\/wp-content\/uploads\/2025\/02\/team-5.png\" title=\"Matthew Fishman\" \/><h4 class=\"light\">Matthew Fishman<\/h4><div class=\"position\"><span style=\"color: #4fb2c7\">Leitender GIS-Wissenschaftler<span><\/div><p class=\"description\">Matthew Fishman leitet die Geodateninitiativen von Floodlight und wendet dabei sein Fachwissen im Bereich geografischer Informationssysteme an.<\/p><\/div>\n\t\t\t<\/div> \n\t\t<\/div>\n\t<\/div> \n\n\t<div  class=\"vc_col-sm-4 wpb_column column_container vc_column_container col has-animation no-extra-padding inherit_tablet inherit_phone\"  data-padding-pos=\"all\" data-has-bg-color=\"false\" data-bg-color=\"\" data-bg-opacity=\"1\" data-animation=\"zoom-out\" data-delay=\"0\" >\n\t\t<div class=\"vc_column-inner\" >\n\t\t\t<div class=\"wpb_wrapper\">\n\t\t\t\t<div class=\"team-member\" data-style=\"meta_below\"><img decoding=\"async\" alt=\"\" src=\"https:\/\/floodlightglobal.com\/wp-content\/uploads\/2025\/02\/team-6.png\" title=\"Christopher Clancy\" \/><h4 class=\"light\">Christopher Clancy<\/h4><div class=\"position\"><span style=\"color: #4fb2c7\">Leitender Analyst<span><\/div><p class=\"description\">Chris Clancy ist leitender Analyst bei Floodlight und treibt die Entwicklung satellitengest\u00fctzter Analysen f\u00fcr Nachhaltigkeit und Klimafolgenabsch\u00e4tzung voran.<\/p><\/div>\n\t\t\t<\/div> \n\t\t<\/div>\n\t<\/div> \n<\/div><\/div>\n\t\t<div id=\"fws_69d2f983f0a2f\"  data-column-margin=\"default\" data-midnight=\"dark\"  class=\"wpb_row vc_row-fluid vc_row\"  style=\"padding-top: 0px; padding-bottom: 0px; \"><div class=\"row-bg-wrap\" data-bg-animation=\"none\" data-bg-animation-delay=\"\" data-bg-overlay=\"false\"><div class=\"inner-wrap row-bg-layer\" ><div class=\"row-bg viewport-desktop\"  style=\"\"><\/div><\/div><\/div><div class=\"row_col_wrap_12 col span_12 dark left\">\n\t<div  class=\"vc_col-sm-12 wpb_column column_container vc_column_container col has-animation no-extra-padding inherit_tablet inherit_phone\"  data-padding-pos=\"all\" data-has-bg-color=\"false\" data-bg-color=\"\" data-bg-opacity=\"1\" data-animation=\"fade-in\" data-delay=\"0\" >\n\t\t<div class=\"vc_column-inner\" >\n\t\t\t<div class=\"wpb_wrapper\">\n\t\t\t\t<div class=\"col span_12 section-title text-align-center extra-padding\"><h2>Beratungsteam<\/h2><\/div><div class=\"clear\"><\/div>\n\t\t\t<\/div> \n\t\t<\/div>\n\t<\/div> \n<\/div><\/div>\n\t\t<div id=\"fws_69d2f983f0cec\"  data-column-margin=\"default\" data-midnight=\"dark\"  class=\"wpb_row vc_row-fluid vc_row\"  style=\"padding-top: 0px; padding-bottom: 0px; \"><div class=\"row-bg-wrap\" data-bg-animation=\"none\" data-bg-animation-delay=\"\" data-bg-overlay=\"false\"><div class=\"inner-wrap row-bg-layer\" ><div class=\"row-bg viewport-desktop\"  style=\"\"><\/div><\/div><\/div><div class=\"row_col_wrap_12 col span_12 dark left\">\n\t<div  class=\"vc_col-sm-3 wpb_column column_container vc_column_container col has-animation no-extra-padding inherit_tablet inherit_phone\"  data-padding-pos=\"all\" data-has-bg-color=\"false\" data-bg-color=\"\" data-bg-opacity=\"1\" data-animation=\"grow-in\" data-delay=\"0\" >\n\t\t<div class=\"vc_column-inner\" >\n\t\t\t<div class=\"wpb_wrapper\">\n\t\t\t\t<div class=\"team-member\" data-style=\"meta_below\"><img decoding=\"async\" alt=\"\" src=\"https:\/\/floodlightglobal.com\/wp-content\/uploads\/2025\/02\/team-7.png\" title=\"Graham Cook\" \/><h4 class=\"light\">Graham Cook<\/h4><div class=\"position\"><span style=\"color: #4fb2c7\">Direktor, Versicherungsberater<span><\/div><p class=\"description\"><\/p><\/div><div class=\"team-member\" data-style=\"meta_below\"><img decoding=\"async\" alt=\"\" src=\"https:\/\/floodlightglobal.com\/wp-content\/uploads\/2025\/02\/team-9.png\" title=\"Ed Saltzberg\" \/><h4 class=\"light\">Ed Saltzberg<\/h4><div class=\"position\"><span style=\"color: #4fb2c7\">Gr\u00fcnder und CEO \u2013 Sicherheits- und Nachhaltigkeitsforum<span><\/div><p class=\"description\"><\/p><\/div>\n\t\t\t<\/div> \n\t\t<\/div>\n\t<\/div> \n\n\t<div  class=\"vc_col-sm-3 wpb_column column_container vc_column_container col has-animation no-extra-padding inherit_tablet inherit_phone\"  data-padding-pos=\"all\" data-has-bg-color=\"false\" data-bg-color=\"\" data-bg-opacity=\"1\" data-animation=\"grow-in\" data-delay=\"0\" >\n\t\t<div class=\"vc_column-inner\" >\n\t\t\t<div class=\"wpb_wrapper\">\n\t\t\t\t<div class=\"team-member\" data-style=\"meta_below\"><img decoding=\"async\" alt=\"\" src=\"https:\/\/floodlightglobal.com\/wp-content\/uploads\/2025\/02\/Group-1577708434.png\" title=\"Brian Dolan\" \/><h4 class=\"light\">Brian Dolan<\/h4><div class=\"position\"><span style=\"color: #4fb2c7\">Unternehmer &amp; KI-Experte<span><\/div><p class=\"description\"><\/p><\/div><div class=\"team-member\" data-style=\"meta_below\"><img decoding=\"async\" alt=\"\" src=\"https:\/\/floodlightglobal.com\/wp-content\/uploads\/2025\/02\/team-11.png\" title=\"Ben Taber\" \/><h4 class=\"light\">Ben Taber<\/h4><div class=\"position\"><span style=\"color: #4fb2c7\">Fullstack Engineer und Tech Management<span><\/div><p class=\"description\"><\/p><\/div>\n\t\t\t<\/div> \n\t\t<\/div>\n\t<\/div> \n\n\t<div  class=\"vc_col-sm-3 wpb_column column_container vc_column_container col has-animation no-extra-padding inherit_tablet inherit_phone\"  data-padding-pos=\"all\" data-has-bg-color=\"false\" data-bg-color=\"\" data-bg-opacity=\"1\" data-animation=\"grow-in\" data-delay=\"0\" >\n\t\t<div class=\"vc_column-inner\" >\n\t\t\t<div class=\"wpb_wrapper\">\n\t\t\t\t<div class=\"team-member\" data-style=\"meta_below\"><img decoding=\"async\" alt=\"\" src=\"https:\/\/floodlightglobal.com\/wp-content\/uploads\/2025\/02\/team-12.png\" title=\"Katherine Dean\" \/><h4 class=\"light\">Katherine Dean<\/h4><div class=\"position\"><span style=\"color: #4fb2c7\">Professioneller Verm\u00f6gensstratege<span><\/div><p class=\"description\"><\/p><\/div><div class=\"team-member\" data-style=\"meta_below\"><img decoding=\"async\" alt=\"\" src=\"https:\/\/floodlightglobal.com\/wp-content\/uploads\/2025\/02\/team-10.png\" title=\"Claire Veuthey\" \/><h4 class=\"light\">Claire Veuthey<\/h4><div class=\"position\"><span style=\"color: #4fb2c7\">ESG- und Venture-Capital-Experte<span><\/div><p class=\"description\"><\/p><\/div>\n\t\t\t<\/div> \n\t\t<\/div>\n\t<\/div> \n\n\t<div  class=\"vc_col-sm-3 wpb_column column_container vc_column_container col has-animation no-extra-padding inherit_tablet inherit_phone\"  data-padding-pos=\"all\" data-has-bg-color=\"false\" data-bg-color=\"\" data-bg-opacity=\"1\" data-animation=\"grow-in\" data-delay=\"0\" >\n\t\t<div class=\"vc_column-inner\" >\n\t\t\t<div class=\"wpb_wrapper\">\n\t\t\t\t<div class=\"team-member\" data-style=\"meta_below\"><img decoding=\"async\" alt=\"\" src=\"https:\/\/floodlightglobal.com\/wp-content\/uploads\/2025\/02\/team-8.png\" title=\"Aniqa Hijazi\" \/><h4 class=\"light\">Aniqa Hijazi<\/h4><div class=\"position\"><span style=\"color: #4fb2c7\">CFO und kleine und mittelgro\u00dfe Technologieunternehmen<span><\/div><p class=\"description\"><\/p><\/div>\n\t\t\t<\/div> \n\t\t<\/div>\n\t<\/div> \n<\/div><\/div>\n\t\t<div id=\"fws_69d2f9840094f\"  data-column-margin=\"default\" data-midnight=\"dark\"  class=\"wpb_row vc_row-fluid vc_row\"  style=\"padding-top: 0px; padding-bottom: 0px; \"><div class=\"row-bg-wrap\" data-bg-animation=\"none\" data-bg-animation-delay=\"\" data-bg-overlay=\"false\"><div class=\"inner-wrap row-bg-layer\" ><div class=\"row-bg viewport-desktop\"  style=\"\"><\/div><\/div><\/div><div class=\"row_col_wrap_12 col span_12 dark left\">\n\t<div  class=\"vc_col-sm-12 wpb_column column_container vc_column_container col no-extra-padding inherit_tablet inherit_phone\"  data-padding-pos=\"all\" data-has-bg-color=\"false\" data-bg-color=\"\" data-bg-opacity=\"1\" data-animation=\"\" data-delay=\"0\" >\n\t\t<div class=\"vc_column-inner\" >\n\t\t\t<div class=\"wpb_wrapper\">\n\t\t\t\t<div class=\"divider-wrap\" data-alignment=\"default\"><div style=\"height: 150px;\" class=\"divider\"><\/div><\/div>\n\t\t\t<\/div> \n\t\t<\/div>\n\t<\/div> \n<\/div><\/div>","protected":false},"excerpt":{"rendered":"\u00dcber unser Team: Unsere F\u00fchrung besteht aus Wissenschaftlern, Technologief\u00fchrern und Branchenexperten mit Hunderten von Artikeln und von Experten begutachteten Ver\u00f6ffentlichungen und Erfahrung in der Entwicklung von Produkten bei Wells Fargo, Google, \u2026","protected":false},"author":1,"featured_media":0,"parent":0,"menu_order":0,"comment_status":"closed","ping_status":"closed","template":"","meta":{"content-type":"","footnotes":""},"class_list":["post-6021","page","type-page","status-publish"],"yoast_head":"<!-- This site is optimized with the Yoast SEO plugin v25.3.1 - https:\/\/yoast.com\/wordpress\/plugins\/seo\/ -->\n<title>Company - Floodlight<\/title>\n<meta name=\"robots\" content=\"index, follow, max-snippet:-1, max-image-preview:large, max-video-preview:-1\" \/>\n<link rel=\"canonical\" href=\"https:\/\/floodlightglobal.com\/de\/company\/\" \/>\n<meta property=\"og:locale\" content=\"de_DE\" \/>\n<meta property=\"og:type\" content=\"article\" \/>\n<meta property=\"og:title\" content=\"Company - Floodlight\" \/>\n<meta property=\"og:url\" content=\"https:\/\/floodlightglobal.com\/de\/company\/\" \/>\n<meta property=\"og:site_name\" content=\"Floodlight\" \/>\n<meta property=\"article:modified_time\" content=\"2025-04-10T00:37:40+00:00\" \/>\n<meta name=\"twitter:card\" content=\"summary_large_image\" \/>\n<meta name=\"twitter:label1\" content=\"Gesch\u00e4tzte Lesezeit\" \/>\n\t<meta name=\"twitter:data1\" content=\"15 Minuten\" \/>\n<script type=\"application\/ld+json\" class=\"yoast-schema-graph\">{\"@context\":\"https:\/\/schema.org\",\"@graph\":[{\"@type\":\"WebPage\",\"@id\":\"https:\/\/floodlightglobal.com\/company\/\",\"url\":\"https:\/\/floodlightglobal.com\/company\/\",\"name\":\"Company - Floodlight\",\"isPartOf\":{\"@id\":\"https:\/\/floodlightglobal.com\/#website\"},\"datePublished\":\"2022-11-03T12:09:53+00:00\",\"dateModified\":\"2025-04-10T00:37:40+00:00\",\"breadcrumb\":{\"@id\":\"https:\/\/floodlightglobal.com\/company\/#breadcrumb\"},\"inLanguage\":\"de-AT\",\"potentialAction\":[{\"@type\":\"ReadAction\",\"target\":[\"https:\/\/floodlightglobal.com\/company\/\"]}]},{\"@type\":\"BreadcrumbList\",\"@id\":\"https:\/\/floodlightglobal.com\/company\/#breadcrumb\",\"itemListElement\":[{\"@type\":\"ListItem\",\"position\":1,\"name\":\"Home\",\"item\":\"https:\/\/floodlightglobal.com\/\"},{\"@type\":\"ListItem\",\"position\":2,\"name\":\"Company\"}]},{\"@type\":\"WebSite\",\"@id\":\"https:\/\/floodlightglobal.com\/#website\",\"url\":\"https:\/\/floodlightglobal.com\/\",\"name\":\"Floodlight\",\"description\":\"Satellite\u2011Based GHG Measurement &amp; Climate\u2011Risk Analytics\",\"potentialAction\":[{\"@type\":\"SearchAction\",\"target\":{\"@type\":\"EntryPoint\",\"urlTemplate\":\"https:\/\/floodlightglobal.com\/?s={search_term_string}\"},\"query-input\":{\"@type\":\"PropertyValueSpecification\",\"valueRequired\":true,\"valueName\":\"search_term_string\"}}],\"inLanguage\":\"de-AT\"}]}<\/script>\n<!-- \/ Yoast SEO plugin. -->","yoast_head_json":{"title":"Unternehmen - Floodlight","robots":{"index":"index","follow":"follow","max-snippet":"max-snippet:-1","max-image-preview":"max-image-preview:large","max-video-preview":"max-video-preview:-1"},"canonical":"https:\/\/floodlightglobal.com\/de\/company\/","og_locale":"de_DE","og_type":"article","og_title":"Company - Floodlight","og_url":"https:\/\/floodlightglobal.com\/de\/company\/","og_site_name":"Floodlight","article_modified_time":"2025-04-10T00:37:40+00:00","twitter_card":"summary_large_image","twitter_misc":{"Gesch\u00e4tzte Lesezeit":"15 Minuten"},"schema":{"@context":"https:\/\/schema.org","@graph":[{"@type":"WebPage","@id":"https:\/\/floodlightglobal.com\/company\/","url":"https:\/\/floodlightglobal.com\/company\/","name":"Unternehmen - Floodlight","isPartOf":{"@id":"https:\/\/floodlightglobal.com\/#website"},"datePublished":"2022-11-03T12:09:53+00:00","dateModified":"2025-04-10T00:37:40+00:00","breadcrumb":{"@id":"https:\/\/floodlightglobal.com\/company\/#breadcrumb"},"inLanguage":"de-AT","potentialAction":[{"@type":"ReadAction","target":["https:\/\/floodlightglobal.com\/company\/"]}]},{"@type":"BreadcrumbList","@id":"https:\/\/floodlightglobal.com\/company\/#breadcrumb","itemListElement":[{"@type":"ListItem","position":1,"name":"Home","item":"https:\/\/floodlightglobal.com\/"},{"@type":"ListItem","position":2,"name":"Company"}]},{"@type":"WebSite","@id":"https:\/\/floodlightglobal.com\/#website","url":"https:\/\/floodlightglobal.com\/","name":"Floodlight","description":"Satellitengest\u00fctzte Treibhausgasmessung und Klimarisikoanalyse","potentialAction":[{"@type":"SearchAction","target":{"@type":"EntryPoint","urlTemplate":"https:\/\/floodlightglobal.com\/?s={search_term_string}"},"query-input":{"@type":"PropertyValueSpecification","valueRequired":true,"valueName":"search_term_string"}}],"inLanguage":"de-AT"}]}},"_links":{"self":[{"href":"https:\/\/floodlightglobal.com\/de\/wp-json\/wp\/v2\/pages\/6021","targetHints":{"allow":["GET"]}}],"collection":[{"href":"https:\/\/floodlightglobal.com\/de\/wp-json\/wp\/v2\/pages"}],"about":[{"href":"https:\/\/floodlightglobal.com\/de\/wp-json\/wp\/v2\/types\/page"}],"author":[{"embeddable":true,"href":"https:\/\/floodlightglobal.com\/de\/wp-json\/wp\/v2\/users\/1"}],"replies":[{"embeddable":true,"href":"https:\/\/floodlightglobal.com\/de\/wp-json\/wp\/v2\/comments?post=6021"}],"version-history":[{"count":70,"href":"https:\/\/floodlightglobal.com\/de\/wp-json\/wp\/v2\/pages\/6021\/revisions"}],"predecessor-version":[{"id":7968,"href":"https:\/\/floodlightglobal.com\/de\/wp-json\/wp\/v2\/pages\/6021\/revisions\/7968"}],"wp:attachment":[{"href":"https:\/\/floodlightglobal.com\/de\/wp-json\/wp\/v2\/media?parent=6021"}],"curies":[{"name":"wp","href":"https:\/\/api.w.org\/{rel}","templated":true}]}}